{"id":2,"date":"2010-10-31T15:30:33","date_gmt":"2010-10-31T15:30:33","guid":{"rendered":"http:\/\/adfig.com\/pt\/?page_id=2"},"modified":"2023-02-20T21:45:21","modified_gmt":"2023-02-20T21:45:21","slug":"about","status":"publish","type":"page","link":"https:\/\/adfig.com\/pt\/?page_id=2","title":{"rendered":"Autor"},"content":{"rendered":"<p><strong>Ant\u00f3nio Dias de Figueiredo<\/strong> \u00e9 professor catedr\u00e1tico aposentado do Departamento de Engenharia Inform\u00e1tica da Universidade de Coimbra e investigador do Centro de Inform\u00e1tica e Sistemas da Universidade de Coimbra (CISUC), onde se dedica a sua atividade cient\u00edfica \u00e0 &#8220;Dimens\u00e3o Social dos Sistemas de Informa\u00e7\u00e3o&#8221;, &#8220;Tecnologias e Inova\u00e7\u00e3o na Educa\u00e7\u00e3o&#8221;, &#8220;Estrat\u00e9gia e Qualidade na Educa\u00e7\u00e3o Superior&#8221;, &#8220;Hist\u00f3ria e Filosofia da Engenharia&#8221; e &#8220;M\u00e9todos Projetivos de Investiga\u00e7\u00e3o Cient\u00edfica&#8221;. Exerce tamb\u00e9m actividade de consultoria em regime independente.<\/p>\n<p>Licenciou-se em Engenharia Electrot\u00e9cnica pela Universidade do Porto em 1970, doutorou-se em &#8220;Computer Science&#8221; pela Universidade de Manchester em 1976 e obteve Agrega\u00e7\u00e3o em Engenharia Inform\u00e1tica pela Universidade de Coimbra em 1982. Entre 1984 e 2007 foi professor catedr\u00e1tico da Faculdade de Ci\u00eancias e Tecnologia da Universidade de Coimbra, onde fundou o CISUC, em 1991, e o Departamento de Engenharia Inform\u00e1tica, em 1994. Foi tamb\u00e9m um dos fundadores do Instituto Pedro Nunes, em 1991.<\/p>\n<p>Durante seis anos representou Portugal no Programa Intergovernamental de Inform\u00e1tica da UNESCO, Paris, onde foi eleito Vice-Presidente para a regi\u00e3o da Europa Ocidental (1994\/1996). Integrou, como representante de Portugal, o Grupo de Respons\u00e1veis Nacionais para as Tecnologias da Informa\u00e7\u00e3o na Educa\u00e7\u00e3o, NTI\/EDUC (1986\/1994), da Comiss\u00e3o das Comunidades Europeias. Participou em v\u00e1rios projectos europeus como parceiro e consultor cient\u00edfico e actuou em v\u00e1rias ocasi\u00f5es como consultor da Comiss\u00e3o Europeia para quest\u00f5es de estrat\u00e9gia no uso das tecnologias da informa\u00e7\u00e3o e da comunica\u00e7\u00e3o na educa\u00e7\u00e3o. Integrou, por um per\u00edodo de quatro anos, o NATO &#8220;Special Programme Panel on Advanced Educational Technology&#8221;, do &#8220;NATO Science Committee&#8221;, Bruxelas. Foi Presidente do programa Europeu &#8220;PROMETEUS &#8211; PROmoting Multimedia access to Education and Training in EUropean Society&#8221;, da Comiss\u00e3o Europeia (2000\/2001). Em 2004 presidiu ao &#8220;Special Interest Group in Context &amp; Learning&#8221; do projecto europeu Kaleidoscope.<\/p>\n<p>Foi o proponente, em 1985, do Projecto MINERVA, de introdu\u00e7\u00e3o dos recursos inform\u00e1ticos na educa\u00e7\u00e3o n\u00e3o superior em Portugal, tendo coordenado nacionalmente o mesmo projecto durante a sua fase piloto, entre Outubro de 1985 e Outubro de 1988. Presidiu \u00e0 Comiss\u00e3o de Acredita\u00e7\u00e3o dos Cursos de Licenciatura em Engenharia Inform\u00e1tica da Ordem dos Engenheiros nos per\u00edodos 1998\/2001 e 2004\/2007. Presidiu \u00e0 Comiss\u00e3o de Avalia\u00e7\u00e3o Externa dos Cursos de Engenharia de Sistemas e Computa\u00e7\u00e3o, Engenharia Inform\u00e1tica e Inform\u00e1tica do Conselho de Avalia\u00e7\u00e3o das Universidades Portuguesas em 2002. Presidiu em 2011\/2014 \u00e0 Comiss\u00e3o de Avalia\u00e7\u00e3o Externa de Inform\u00e1tica da Ag\u00eancia de Avalia\u00e7\u00e3o e Acredita\u00e7\u00e3o do Ensino Superior (A3ES).<\/p>\n<p>Ao longo de duas d\u00e9cadas, atuou como perito na avalia\u00e7\u00e3o de projetos de investiga\u00e7\u00e3o, desenvolvimento e inova\u00e7\u00e3o da Ag\u00eancia de Inova\u00e7\u00e3o e da Ag\u00eancia Nacional de Inova\u00e7\u00e3o (ANI), tendo presidido a v\u00e1rios dos seus pain\u00e9is. Em 2006\/2009 foi membro do Conselho Nacional de Educa\u00e7\u00e3o (CNE). Presidiu ao Conselho de \u00c9tica e Deontologia (CED) da Universidade de Aveiro em 2020\/2022. Foi membro do j\u00fari do Pr\u00e9mio IBM de Ci\u00eancia desde a sua institui\u00e7\u00e3o em 1989 at\u00e9 2012. Presidiu, no per\u00edodo 1999\/2001, ao j\u00fari do Pr\u00e9mio Descartes. Integrou, em 2002, o j\u00fari do Pr\u00e9mio Gulbenkian de Ci\u00eancia. Foi membro do Conselho de Admiss\u00e3o e Qualifica\u00e7\u00e3o da Ordem dos Engenheiros nos per\u00edodos 1998\/2001 e 2004\/2007. Participou no grupo de trabalho que conduziu a cria\u00e7\u00e3o do Col\u00e9gio de Engenharia Inform\u00e1tica da Ordem dos Engenheiros, em Maio de 1997.<\/p>\n<p>Em Junho de 1997 foi-lhe atribu\u00eddo o grau de &#8220;Doutor Honoris Causa&#8221; pela Universidade Aberta, Lisboa, e em Setembro de 2000 foi agraciado com o &#8220;Sigillum Magnum&#8221; da Universidade de Bolonha, It\u00e1lia. Em 2005 foi-lhe atribu\u00eddo pela APDSI o &#8220;Pr\u00e9mio Personalidade do Ano da Sociedade de Informa\u00e7\u00e3o, 2005&#8221;.<\/p>\n<p>\u00c9 autor e co-autor de mais de tr\u00eas centenas de artigos e apresentou cerca de quatro centenas de comunica\u00e7\u00f5es no pa\u00eds e no estrangeiro. \u00c9 autor de v\u00e1rios cap\u00edtulos em livros. Entre as suas publica\u00e7\u00f5es internacionais em livro mais recentes contam-se o livro&nbsp;<a href=\"http:\/\/www.igi-global.com\/Bookstore\/TitleDetails.aspx?TitleId=729\">&#8220;Managing Learning in Virtual Settings: the Role of Context&#8221;<\/a>&nbsp;(2006) e os cap\u00edtulos &#8220;On the Historical Nature of Engineering Practice, do livro &#8220;<a href=\"https:\/\/www.routledge.com\/Engineering-Practice-in-a-Global-Context-Understanding-the-Technical-and\/Williams-Figueiredo-Trevelyan\/p\/book\/9781138372566?gclid=CjwKCAiAhqCdBhB0EiwAH8M_GlNaSell5IQrgFYZcNb-Q676_LbyZGm7Lnw7RflmubqL_re2XpReFRoCohsQAvD_BwE\">Engineering Practice in a Global Context: Understanding the Technical and the Social<\/a>&#8221; (2013), &#8220;The Sustainability of E-Collaboration&#8221;, em&nbsp; de&nbsp;<a href=\"http:\/\/www.igi-pub.com\/reference\/details.asp?ID=6952\">&#8220;The Encyclopedia of E-Collaboration&#8221;<\/a>&nbsp;(2008) e &#8220;Action Research and Design in Information Systems: Two Faces of a Single Coin&#8221;, do livro&nbsp;<a href=\"http:\/\/www.springer.com\/business\/business+information+systems\/book\/978-0-387-36059-1\">&#8220;Information Systems Action Research: An Applied View of Emerging Concepts and Methods&#8221;<\/a>&nbsp;(2007). Integrou cerca de duas centenas de comiss\u00f5es organizadoras e comiss\u00f5es cient\u00edficas de confer\u00eancias realizadas em Portugal e no estrangeiro. \u00c9 membro dos conselhos editoriais ou consultivos do&nbsp;<a href=\"http:\/\/www.igi-global.com\/Bookstore\/TitleDetails.aspx?TitleId=1090&#038;DetailsType=Description\">&#8220;International Journal of e-Collaboration&#8221;<\/a>&nbsp;e da revista&nbsp;<a href=\"http:\/\/eft.educom.pt\/index.php\/eft\">&#8220;Educa\u00e7\u00e3o, Forma\u00e7\u00e3o &amp; Tecnologias&#8221;<\/a>. \u00c9 coautor da patente US7319998 B2 do United States Patent Office &#8220;Method and System for Supporting Symbolic Serendipity&#8221; (2008).<\/p>\n","protected":false},"excerpt":{"rendered":"<p>Ant\u00f3nio Dias de Figueiredo \u00e9 professor catedr\u00e1tico aposentado do Departamento de Engenharia Inform\u00e1tica da Universidade de Coimbra e investigador do Centro de Inform\u00e1tica e Sistemas da Universidade de Coimbra (CISUC), onde se dedica a sua atividade cient\u00edfica \u00e0 &#8220;Dimens\u00e3o Social &hellip; <a href=\"https:\/\/adfig.com\/pt\/?page_id=2\">Continuar a ler <span class=\"meta-nav\">&rarr;<\/span><\/a><\/p>\n","protected":false},"author":1,"featured_media":0,"parent":0,"menu_order":0,"comment_status":"open","ping_status":"open","template":"","meta":{"jetpack_post_was_ever_published":false,"footnotes":""},"class_list":["post-2","page","type-page","status-publish","hentry"],"jetpack_sharing_enabled":true,"jetpack_shortlink":"https:\/\/wp.me\/P6czKW-2","jetpack-related-posts":[],"_links":{"self":[{"href":"https:\/\/adfig.com\/pt\/index.php?rest_route=\/wp\/v2\/pages\/2"}],"collection":[{"href":"https:\/\/adfig.com\/pt\/index.php?rest_route=\/wp\/v2\/pages"}],"about":[{"href":"https:\/\/adfig.com\/pt\/index.php?rest_route=\/wp\/v2\/types\/page"}],"author":[{"embeddable":true,"href":"https:\/\/adfig.com\/pt\/index.php?rest_route=\/wp\/v2\/users\/1"}],"replies":[{"embeddable":true,"href":"https:\/\/adfig.com\/pt\/index.php?rest_route=%2Fwp%2Fv2%2Fcomments&post=2"}],"version-history":[{"count":26,"href":"https:\/\/adfig.com\/pt\/index.php?rest_route=\/wp\/v2\/pages\/2\/revisions"}],"predecessor-version":[{"id":698,"href":"https:\/\/adfig.com\/pt\/index.php?rest_route=\/wp\/v2\/pages\/2\/revisions\/698"}],"wp:attachment":[{"href":"https:\/\/adfig.com\/pt\/index.php?rest_route=%2Fwp%2Fv2%2Fmedia&parent=2"}],"curies":[{"name":"wp","href":"https:\/\/api.w.org\/{rel}","templated":true}]}}